{"id":99,"date":"2024-12-25T11:39:13","date_gmt":"2024-12-25T11:39:13","guid":{"rendered":"http:\/\/leo9.agency\/asb-travel-solutions\/?page_id=99"},"modified":"2025-06-13T12:17:41","modified_gmt":"2025-06-13T12:17:41","slug":"uber-uns","status":"publish","type":"page","link":"https:\/\/asb-travel-solutions.com\/de\/uber-uns\/","title":{"rendered":"\u00dcber uns"},"content":{"rendered":"\t\t<div data-elementor-type=\"wp-page\" data-elementor-id=\"99\" class=\"elementor elementor-99\" data-elementor-post-type=\"page\">\n\t\t\t\t<div class=\"elementor-element elementor-element-b2b50c8 e-con-full e-flex e-con e-parent\" data-id=\"b2b50c8\" data-element_type=\"container\" data-settings=\"{&quot;background_background&quot;:&quot;classic&quot;}\">\n\t\t<div class=\"elementor-element elementor-element-91037ef e-con-full e-flex e-con e-child\" data-id=\"91037ef\" data-element_type=\"container\" data-settings=\"{&quot;background_background&quot;:&quot;classic&quot;}\">\n\t\t<div class=\"elementor-element elementor-element-021fe81 e-con-full e-flex e-con e-child\" data-id=\"021fe81\" data-element_type=\"container\" data-settings=\"{&quot;background_background&quot;:&quot;classic&quot;}\">\n\t\t<div class=\"elementor-element elementor-element-ed60df6 e-con-full e-flex e-con e-child\" data-id=\"ed60df6\" data-element_type=\"container\" data-settings=\"{&quot;background_background&quot;:&quot;classic&quot;}\">\n\t\t<div class=\"elementor-element elementor-element-b6a8eb6 e-con-full e-flex e-con e-child\" data-id=\"b6a8eb6\" data-element_type=\"container\" data-settings=\"{&quot;background_background&quot;:&quot;classic&quot;}\">\n\t\t\t\t<div class=\"elementor-element elementor-element-b8cfdf3 elementor-widget elementor-widget-template\" data-id=\"b8cfdf3\" data-element_type=\"widget\" data-widget_type=\"template.default\">\n\t\t\t\t<div class=\"elementor-widget-container\">\n\t\t\t\t\t\t\t<div class=\"elementor-template\">\n\t\t\t\t\t<div data-elementor-type=\"section\" data-elementor-id=\"1454\" class=\"elementor elementor-1454\" data-elementor-post-type=\"elementor_library\">\n\t\t\t<div class=\"elementor-element elementor-element-2840b17 e-flex e-con-boxed e-con e-parent\" data-id=\"2840b17\" data-element_type=\"container\">\n\t\t\t\t\t<div class=\"e-con-inner\">\n\t\t\t\t<div class=\"elementor-element elementor-element-73be007 elementor-shape-circle e-grid-align-tablet-right e-grid-align-mobile-center elementor-grid-0 e-grid-align-center elementor-widget elementor-widget-social-icons\" data-id=\"73be007\" data-element_type=\"widget\" data-widget_type=\"social-icons.default\">\n\t\t\t\t<div class=\"elementor-widget-container\">\n\t\t\t\t\t\t\t<div class=\"elementor-social-icons-wrapper elementor-grid\" role=\"list\">\n\t\t\t\t\t\t\t<span class=\"elementor-grid-item\" role=\"listitem\">\n\t\t\t\t\t<a class=\"elementor-icon elementor-social-icon elementor-social-icon-facebook elementor-repeater-item-f236f80\" href=\"https:\/\/www.facebook.com\/asb.travel.solutions\" target=\"_blank\">\n\t\t\t\t\t\t<span class=\"elementor-screen-only\">Facebook<\/span>\n\t\t\t\t\t\t<svg class=\"e-font-icon-svg e-fab-facebook\" viewBox=\"0 0 512 512\" xmlns=\"http:\/\/www.w3.org\/2000\/svg\"><path d=\"M504 256C504 119 393 8 256 8S8 119 8 256c0 123.78 90.69 226.38 209.25 245V327.69h-63V256h63v-54.64c0-62.15 37-96.48 93.67-96.48 27.14 0 55.52 4.84 55.52 4.84v61h-31.28c-30.8 0-40.41 19.12-40.41 38.73V256h68.78l-11 71.69h-57.78V501C413.31 482.38 504 379.78 504 256z\"><\/path><\/svg>\t\t\t\t\t<\/a>\n\t\t\t\t<\/span>\n\t\t\t\t\t\t\t<span class=\"elementor-grid-item\" role=\"listitem\">\n\t\t\t\t\t<a class=\"elementor-icon elementor-social-icon elementor-social-icon-youtube elementor-repeater-item-1caa8e2\" href=\"https:\/\/www.youtube.com\/channel\/UCNXfbOFUq92C_l7l5SPm7Fw\" target=\"_blank\">\n\t\t\t\t\t\t<span class=\"elementor-screen-only\">Youtube<\/span>\n\t\t\t\t\t\t<svg class=\"e-font-icon-svg e-fab-youtube\" viewBox=\"0 0 576 512\" xmlns=\"http:\/\/www.w3.org\/2000\/svg\"><path d=\"M549.655 124.083c-6.281-23.65-24.787-42.276-48.284-48.597C458.781 64 288 64 288 64S117.22 64 74.629 75.486c-23.497 6.322-42.003 24.947-48.284 48.597-11.412 42.867-11.412 132.305-11.412 132.305s0 89.438 11.412 132.305c6.281 23.65 24.787 41.5 48.284 47.821C117.22 448 288 448 288 448s170.78 0 213.371-11.486c23.497-6.321 42.003-24.171 48.284-47.821 11.412-42.867 11.412-132.305 11.412-132.305s0-89.438-11.412-132.305zm-317.51 213.508V175.185l142.739 81.205-142.739 81.201z\"><\/path><\/svg>\t\t\t\t\t<\/a>\n\t\t\t\t<\/span>\n\t\t\t\t\t\t\t<span class=\"elementor-grid-item\" role=\"listitem\">\n\t\t\t\t\t<a class=\"elementor-icon elementor-social-icon elementor-social-icon-instagram elementor-repeater-item-0d655a2\" href=\"https:\/\/www.instagram.com\/asbtravelsolutionsltd\/\" target=\"_blank\">\n\t\t\t\t\t\t<span class=\"elementor-screen-only\">Instagram<\/span>\n\t\t\t\t\t\t<svg class=\"e-font-icon-svg e-fab-instagram\" viewBox=\"0 0 448 512\" xmlns=\"http:\/\/www.w3.org\/2000\/svg\"><path d=\"M224.1 141c-63.6 0-114.9 51.3-114.9 114.9s51.3 114.9 114.9 114.9S339 319.5 339 255.9 287.7 141 224.1 141zm0 189.6c-41.1 0-74.7-33.5-74.7-74.7s33.5-74.7 74.7-74.7 74.7 33.5 74.7 74.7-33.6 74.7-74.7 74.7zm146.4-194.3c0 14.9-12 26.8-26.8 26.8-14.9 0-26.8-12-26.8-26.8s12-26.8 26.8-26.8 26.8 12 26.8 26.8zm76.1 27.2c-1.7-35.9-9.9-67.7-36.2-93.9-26.2-26.2-58-34.4-93.9-36.2-37-2.1-147.9-2.1-184.9 0-35.8 1.7-67.6 9.9-93.9 36.1s-34.4 58-36.2 93.9c-2.1 37-2.1 147.9 0 184.9 1.7 35.9 9.9 67.7 36.2 93.9s58 34.4 93.9 36.2c37 2.1 147.9 2.1 184.9 0 35.9-1.7 67.7-9.9 93.9-36.2 26.2-26.2 34.4-58 36.2-93.9 2.1-37 2.1-147.8 0-184.8zM398.8 388c-7.8 19.6-22.9 34.7-42.6 42.6-29.5 11.7-99.5 9-132.1 9s-102.7 2.6-132.1-9c-19.6-7.8-34.7-22.9-42.6-42.6-11.7-29.5-9-99.5-9-132.1s-2.6-102.7 9-132.1c7.8-19.6 22.9-34.7 42.6-42.6 29.5-11.7 99.5-9 132.1-9s102.7-2.6 132.1 9c19.6 7.8 34.7 22.9 42.6 42.6 11.7 29.5 9 99.5 9 132.1s2.7 102.7-9 132.1z\"><\/path><\/svg>\t\t\t\t\t<\/a>\n\t\t\t\t<\/span>\n\t\t\t\t\t<\/div>\n\t\t\t\t\t\t<\/div>\n\t\t\t\t<\/div>\n\t\t\t\t\t<\/div>\n\t\t\t\t<\/div>\n\t\t\t\t<\/div>\n\t\t\t\t<\/div>\n\t\t\t\t\t\t<\/div>\n\t\t\t\t<\/div>\n\t\t\t\t<\/div>\n\t\t\t\t<\/div>\n\t\t\t\t<div class=\"elementor-element elementor-element-07f7937 elementor-widget elementor-widget-spacer\" data-id=\"07f7937\" data-element_type=\"widget\" data-widget_type=\"spacer.default\">\n\t\t\t\t<div class=\"elementor-widget-container\">\n\t\t\t\t\t\t\t<div class=\"elementor-spacer\">\n\t\t\t<div class=\"elementor-spacer-inner\"><\/div>\n\t\t<\/div>\n\t\t\t\t\t\t<\/div>\n\t\t\t\t<\/div>\n\t\t\t\t<\/div>\n\t\t<div class=\"elementor-element elementor-element-95e5a13 e-con-full e-flex e-con e-child\" data-id=\"95e5a13\" data-element_type=\"container\" data-settings=\"{&quot;background_background&quot;:&quot;classic&quot;}\">\n\t\t\t\t<div class=\"elementor-element elementor-element-e8be343 elementor-widget elementor-widget-spacer\" data-id=\"e8be343\" data-element_type=\"widget\" data-widget_type=\"spacer.default\">\n\t\t\t\t<div class=\"elementor-widget-container\">\n\t\t\t\t\t\t\t<div class=\"elementor-spacer\">\n\t\t\t<div class=\"elementor-spacer-inner\"><\/div>\n\t\t<\/div>\n\t\t\t\t\t\t<\/div>\n\t\t\t\t<\/div>\n\t\t\t\t<div class=\"elementor-element elementor-element-8fb9581 elementor-widget-divider--view-line elementor-widget elementor-widget-divider\" data-id=\"8fb9581\" data-element_type=\"widget\" data-widget_type=\"divider.default\">\n\t\t\t\t<div class=\"elementor-widget-container\">\n\t\t\t\t\t\t\t<div class=\"elementor-divider\">\n\t\t\t<span class=\"elementor-divider-separator\">\n\t\t\t\t\t\t<\/span>\n\t\t<\/div>\n\t\t\t\t\t\t<\/div>\n\t\t\t\t<\/div>\n\t\t<div class=\"elementor-element elementor-element-b4c1b18 e-con-full e-flex e-con e-child\" data-id=\"b4c1b18\" data-element_type=\"container\">\n\t\t<div class=\"elementor-element elementor-element-fbd96fd e-con-full e-flex e-con e-child\" data-id=\"fbd96fd\" data-element_type=\"container\">\n\t\t\t\t<div class=\"elementor-element elementor-element-861624f elementor-widget elementor-widget-heading\" data-id=\"861624f\" data-element_type=\"widget\" data-widget_type=\"heading.default\">\n\t\t\t\t<div class=\"elementor-widget-container\">\n\t\t\t\t\t<h2 class=\"elementor-heading-title elementor-size-default\">\u00dcber uns<\/h2>\t\t\t\t<\/div>\n\t\t\t\t<\/div>\n\t\t<div class=\"elementor-element elementor-element-f118db3 e-con-full e-flex e-con e-child\" data-id=\"f118db3\" data-element_type=\"container\">\n\t\t<div class=\"elementor-element elementor-element-364cbe8 e-con-full e-flex e-con e-child\" data-id=\"364cbe8\" data-element_type=\"container\">\n\t\t\t\t<div class=\"elementor-element elementor-element-5f8dff8 elementor-widget elementor-widget-heading\" data-id=\"5f8dff8\" data-element_type=\"widget\" data-widget_type=\"heading.default\">\n\t\t\t\t<div class=\"elementor-widget-container\">\n\t\t\t\t\t<h2 class=\"elementor-heading-title elementor-size-default\">UNSER UNTERNEHMEN\n<\/h2>\t\t\t\t<\/div>\n\t\t\t\t<\/div>\n\t\t\t\t<div class=\"elementor-element elementor-element-6349e85 elementor-widget elementor-widget-text-editor\" data-id=\"6349e85\" data-element_type=\"widget\" data-widget_type=\"text-editor.default\">\n\t\t\t\t<div class=\"elementor-widget-container\">\n\t\t\t\t\t\t\t\t\t<p>ASB Travel Solutions Ltd. \u2013 Ihre Br\u00fccke zu den besten Incoming-Services weltweit<\/p><p>Als spezialisierte Vertriebs- und Marketingagentur vernetzen wir internationale Destination Management Companies (DMCs) und Incoming-Agenturen mit dem passenden Kundenkreis \u2013 pers\u00f6nlich, individuell und zielgerichtet.<\/p><p>Unsere Partner sind echte Profis vor Ort und bieten ma\u00dfgeschneiderte Gruppen- und FIT-Reiseangebote in Destinationen wie Gro\u00dfbritannien, Irland, Deutschland, Dubai\/VAE, Marokko, Oman, Skandinavien und den USA.<\/p><p>Gemeinsam entwickeln wir f\u00fcr Sie hochwertige Reiseprodukte, die begeistern \u2013 ganz gleich ob f\u00fcr Gruppenreisen, Incentives oder Individualkunden.<\/p><p>Starten wir gemeinsam durch \u2013 und bringen Ihr Unternehmen auf das n\u00e4chste Level.<\/p><p>Wir freuen uns auf eine erfolgreiche Zusammenarbeit!<br \/>Ihr ASB-Team<\/p>\t\t\t\t\t\t\t\t<\/div>\n\t\t\t\t<\/div>\n\t\t\t\t<div class=\"elementor-element elementor-element-4cd0654 elementor-widget-divider--view-line elementor-widget elementor-widget-divider\" data-id=\"4cd0654\" data-element_type=\"widget\" data-widget_type=\"divider.default\">\n\t\t\t\t<div class=\"elementor-widget-container\">\n\t\t\t\t\t\t\t<div class=\"elementor-divider\">\n\t\t\t<span class=\"elementor-divider-separator\">\n\t\t\t\t\t\t<\/span>\n\t\t<\/div>\n\t\t\t\t\t\t<\/div>\n\t\t\t\t<\/div>\n\t\t\t\t<\/div>\n\t\t\t\t<\/div>\n\t\t<div class=\"elementor-element elementor-element-9112fb8 e-con-full e-flex e-con e-child\" data-id=\"9112fb8\" data-element_type=\"container\">\n\t\t<div class=\"elementor-element elementor-element-f7e676c e-con-full e-flex e-con e-child\" data-id=\"f7e676c\" data-element_type=\"container\">\n\t\t\t\t<div class=\"elementor-element elementor-element-35a0769 elementor-widget elementor-widget-heading\" data-id=\"35a0769\" data-element_type=\"widget\" data-widget_type=\"heading.default\">\n\t\t\t\t<div class=\"elementor-widget-container\">\n\t\t\t\t\t<h2 class=\"elementor-heading-title elementor-size-default\">ASTRID SCHMITT-BYLANDT\n<\/h2>\t\t\t\t<\/div>\n\t\t\t\t<\/div>\n\t\t\t\t<div class=\"elementor-element elementor-element-28f98de elementor-widget elementor-widget-text-editor\" data-id=\"28f98de\" data-element_type=\"widget\" data-widget_type=\"text-editor.default\">\n\t\t\t\t<div class=\"elementor-widget-container\">\n\t\t\t\t\t\t\t\t\t<p>ASB Travel Solutions Ltd. wurde 2002 von Astrid Schmitt-Bylandt gegr\u00fcndet, die zu diesem Zeitpunkt bereits acht Jahre in der Tourismusbranche t\u00e4tig war. Diese Erfahrung begann an der Universit\u00e4t Gie\u00dfen in Deutschland. Nach ihrem erfolgreichen Abschluss in Anglistik und Geographie absolvierte sie ein Aufbaustudium im Bereich Tourismus an der Universit\u00e4t Berlin. Astrid Schmitt-Bylandt hielt Vortr\u00e4ge an der Universit\u00e4t Bremen, der privaten Universit\u00e4t Treviso und der Freien Universit\u00e4t Berlin. Dar\u00fcber hinaus wurde sie eingeladen, im Rahmen der VIBE-Konferenz 2009 einen Vortrag f\u00fcr VisitBritain, das offizielle Tourismusb\u00fcro Gro\u00dfbritanniens, zu halten. Vor der Gr\u00fcndung von ASB Travel Solutions Ltd. arbeitete sie als Vertriebsleiterin f\u00fcr ein renommiertes DMC in London. Seit der Gr\u00fcndung des Unternehmens ist sowohl der Kunden- als auch der Lieferantenstamm dank ihrer beruflichen Expertise stetig gewachsen, und nun, nach mehr als 16 Jahren, erschlie\u00dft das Unternehmen kontinuierlich neue Bereiche wie soziale Medien, YouTube-Werbung sowie traditionelles Marketing wie verschiedene Messen.<\/p>\t\t\t\t\t\t\t\t<\/div>\n\t\t\t\t<\/div>\n\t\t\t\t<\/div>\n\t\t<div class=\"elementor-element elementor-element-cae4f94 e-con-full e-flex e-con e-child\" data-id=\"cae4f94\" data-element_type=\"container\">\n\t\t\t\t<div class=\"elementor-element elementor-element-d9bfb2e elementor-widget elementor-widget-image\" data-id=\"d9bfb2e\" data-element_type=\"widget\" data-widget_type=\"image.default\">\n\t\t\t\t<div class=\"elementor-widget-container\">\n\t\t\t\t\t\t\t\t\t\t\t\t\t\t\t<img fetchpriority=\"high\" decoding=\"async\" width=\"216\" height=\"286\" src=\"https:\/\/asb-travel-solutions.com\/de\/wp-content\/uploads\/2025\/03\/DSC07664br.avif\" class=\"attachment-large size-large wp-image-896\" alt=\"\" \/>\t\t\t\t\t\t\t\t\t\t\t\t\t\t\t<\/div>\n\t\t\t\t<\/div>\n\t\t\t\t<\/div>\n\t\t\t\t<\/div>\n\t\t\t\t<\/div>\n\t\t\t\t<\/div>\n\t\t<div class=\"elementor-element elementor-element-a3927c4 e-con-full e-flex e-con e-child\" data-id=\"a3927c4\" data-element_type=\"container\">\n\t\t<div class=\"elementor-element elementor-element-f94e811 e-con-full e-flex e-con e-child\" data-id=\"f94e811\" data-element_type=\"container\">\n\t\t\t\t<div class=\"elementor-element elementor-element-a815879 elementor-widget elementor-widget-image\" data-id=\"a815879\" data-element_type=\"widget\" data-widget_type=\"image.default\">\n\t\t\t\t<div class=\"elementor-widget-container\">\n\t\t\t\t\t\t\t\t\t\t\t\t\t\t\t<img decoding=\"async\" width=\"160\" height=\"160\" src=\"https:\/\/asb-travel-solutions.com\/de\/wp-content\/uploads\/2025\/03\/icon1.avif\" class=\"attachment-large size-large wp-image-891\" alt=\"\" srcset=\"https:\/\/asb-travel-solutions.com\/de\/wp-content\/uploads\/2025\/03\/icon1.avif 160w, https:\/\/asb-travel-solutions.com\/de\/wp-content\/uploads\/2025\/03\/icon1-150x150.avif 150w\" sizes=\"(max-width: 160px) 100vw, 160px\" \/>\t\t\t\t\t\t\t\t\t\t\t\t\t\t\t<\/div>\n\t\t\t\t<\/div>\n\t\t\t\t<\/div>\n\t\t<div class=\"elementor-element elementor-element-7b23df6 e-con-full e-flex e-con e-child\" data-id=\"7b23df6\" data-element_type=\"container\">\n\t\t\t\t<div class=\"elementor-element elementor-element-d624ca4 elementor-widget elementor-widget-image\" data-id=\"d624ca4\" data-element_type=\"widget\" data-widget_type=\"image.default\">\n\t\t\t\t<div class=\"elementor-widget-container\">\n\t\t\t\t\t\t\t\t\t\t\t\t\t\t\t<img decoding=\"async\" width=\"160\" height=\"160\" src=\"https:\/\/asb-travel-solutions.com\/de\/wp-content\/uploads\/2025\/03\/icon3.avif\" class=\"attachment-large size-large wp-image-893\" alt=\"\" srcset=\"https:\/\/asb-travel-solutions.com\/de\/wp-content\/uploads\/2025\/03\/icon3.avif 160w, https:\/\/asb-travel-solutions.com\/de\/wp-content\/uploads\/2025\/03\/icon3-150x150.avif 150w\" sizes=\"(max-width: 160px) 100vw, 160px\" \/>\t\t\t\t\t\t\t\t\t\t\t\t\t\t\t<\/div>\n\t\t\t\t<\/div>\n\t\t\t\t<\/div>\n\t\t<div class=\"elementor-element elementor-element-4ba994c e-con-full e-flex e-con e-child\" data-id=\"4ba994c\" data-element_type=\"container\">\n\t\t\t\t<div class=\"elementor-element elementor-element-6b5d987 elementor-widget elementor-widget-image\" data-id=\"6b5d987\" data-element_type=\"widget\" data-widget_type=\"image.default\">\n\t\t\t\t<div class=\"elementor-widget-container\">\n\t\t\t\t\t\t\t\t\t\t\t\t\t\t\t<img loading=\"lazy\" decoding=\"async\" width=\"160\" height=\"160\" src=\"https:\/\/asb-travel-solutions.com\/de\/wp-content\/uploads\/2025\/03\/icon4.avif\" class=\"attachment-large size-large wp-image-894\" alt=\"\" srcset=\"https:\/\/asb-travel-solutions.com\/de\/wp-content\/uploads\/2025\/03\/icon4.avif 160w, https:\/\/asb-travel-solutions.com\/de\/wp-content\/uploads\/2025\/03\/icon4-150x150.avif 150w\" sizes=\"(max-width: 160px) 100vw, 160px\" \/>\t\t\t\t\t\t\t\t\t\t\t\t\t\t\t<\/div>\n\t\t\t\t<\/div>\n\t\t\t\t<\/div>\n\t\t<div class=\"elementor-element elementor-element-a67f393 e-con-full e-flex e-con e-child\" data-id=\"a67f393\" data-element_type=\"container\">\n\t\t\t\t<div class=\"elementor-element elementor-element-ff35abb elementor-widget elementor-widget-image\" data-id=\"ff35abb\" data-element_type=\"widget\" data-widget_type=\"image.default\">\n\t\t\t\t<div class=\"elementor-widget-container\">\n\t\t\t\t\t\t\t\t\t\t\t\t\t\t\t<img loading=\"lazy\" decoding=\"async\" width=\"160\" height=\"160\" src=\"https:\/\/asb-travel-solutions.com\/de\/wp-content\/uploads\/2025\/03\/icon2.avif\" class=\"attachment-large size-large wp-image-892\" alt=\"\" srcset=\"https:\/\/asb-travel-solutions.com\/de\/wp-content\/uploads\/2025\/03\/icon2.avif 160w, https:\/\/asb-travel-solutions.com\/de\/wp-content\/uploads\/2025\/03\/icon2-150x150.avif 150w\" sizes=\"(max-width: 160px) 100vw, 160px\" \/>\t\t\t\t\t\t\t\t\t\t\t\t\t\t\t<\/div>\n\t\t\t\t<\/div>\n\t\t\t\t<\/div>\n\t\t<div class=\"elementor-element elementor-element-e1473a7 e-con-full e-flex e-con e-child\" data-id=\"e1473a7\" data-element_type=\"container\">\n\t\t\t\t<div class=\"elementor-element elementor-element-379ca9a elementor-widget elementor-widget-image\" data-id=\"379ca9a\" data-element_type=\"widget\" data-widget_type=\"image.default\">\n\t\t\t\t<div class=\"elementor-widget-container\">\n\t\t\t\t\t\t\t\t\t\t\t\t\t\t\t<img loading=\"lazy\" decoding=\"async\" width=\"160\" height=\"160\" src=\"https:\/\/asb-travel-solutions.com\/de\/wp-content\/uploads\/2025\/03\/icon5.avif\" class=\"attachment-large size-large wp-image-895\" alt=\"\" srcset=\"https:\/\/asb-travel-solutions.com\/de\/wp-content\/uploads\/2025\/03\/icon5.avif 160w, https:\/\/asb-travel-solutions.com\/de\/wp-content\/uploads\/2025\/03\/icon5-150x150.avif 150w\" sizes=\"(max-width: 160px) 100vw, 160px\" \/>\t\t\t\t\t\t\t\t\t\t\t\t\t\t\t<\/div>\n\t\t\t\t<\/div>\n\t\t\t\t<\/div>\n\t\t\t\t<\/div>\n\t\t\t\t<\/div>\n\t\t<div class=\"elementor-element elementor-element-6f77128 e-con-full e-flex e-con e-child\" data-id=\"6f77128\" data-element_type=\"container\" data-settings=\"{&quot;background_background&quot;:&quot;classic&quot;}\">\n\t\t\t\t<div class=\"elementor-element elementor-element-2a0800d elementor-widget elementor-widget-spacer\" data-id=\"2a0800d\" data-element_type=\"widget\" data-widget_type=\"spacer.default\">\n\t\t\t\t<div class=\"elementor-widget-container\">\n\t\t\t\t\t\t\t<div class=\"elementor-spacer\">\n\t\t\t<div class=\"elementor-spacer-inner\"><\/div>\n\t\t<\/div>\n\t\t\t\t\t\t<\/div>\n\t\t\t\t<\/div>\n\t\t\t\t<\/div>\n\t\t\t\t<\/div>\n\t\t\t\t<\/div>\n\t\t\t\t<\/div>\n\t\t","protected":false},"excerpt":{"rendered":"<p>\u00dcber uns UNSER UNTERNEHMEN ASB Travel Solutions Ltd. \u2013 Ihre Br\u00fccke zu den besten Incoming-Services weltweit Als spezialisierte Vertriebs- und Marketingagentur vernetzen wir internationale Destination Management Companies (DMCs) und Incoming-Agenturen mit dem passenden Kundenkreis \u2013 pers\u00f6nlich, individuell und zielgerichtet. Unsere Partner sind echte Profis vor Ort und bieten ma\u00dfgeschneiderte Gruppen- und FIT-Reiseangebote in Destinationen wie [&hellip;]<\/p>\n","protected":false},"author":2,"featured_media":0,"parent":0,"menu_order":0,"comment_status":"closed","ping_status":"closed","template":"","meta":{"_acf_changed":false,"footnotes":""},"class_list":["post-99","page","type-page","status-publish","hentry"],"acf":[],"_links":{"self":[{"href":"https:\/\/asb-travel-solutions.com\/de\/wp-json\/wp\/v2\/pages\/99","targetHints":{"allow":["GET"]}}],"collection":[{"href":"https:\/\/asb-travel-solutions.com\/de\/wp-json\/wp\/v2\/pages"}],"about":[{"href":"https:\/\/asb-travel-solutions.com\/de\/wp-json\/wp\/v2\/types\/page"}],"author":[{"embeddable":true,"href":"https:\/\/asb-travel-solutions.com\/de\/wp-json\/wp\/v2\/users\/2"}],"replies":[{"embeddable":true,"href":"https:\/\/asb-travel-solutions.com\/de\/wp-json\/wp\/v2\/comments?post=99"}],"version-history":[{"count":39,"href":"https:\/\/asb-travel-solutions.com\/de\/wp-json\/wp\/v2\/pages\/99\/revisions"}],"predecessor-version":[{"id":1465,"href":"https:\/\/asb-travel-solutions.com\/de\/wp-json\/wp\/v2\/pages\/99\/revisions\/1465"}],"wp:attachment":[{"href":"https:\/\/asb-travel-solutions.com\/de\/wp-json\/wp\/v2\/media?parent=99"}],"curies":[{"name":"wp","href":"https:\/\/api.w.org\/{rel}","templated":true}]}}