{"id":372,"date":"2024-12-31T18:06:38","date_gmt":"2024-12-31T18:06:38","guid":{"rendered":"http:\/\/leo9.agency\/asb-travel-solutions\/?page_id=372"},"modified":"2025-06-13T12:37:10","modified_gmt":"2025-06-13T12:37:10","slug":"gruppen","status":"publish","type":"page","link":"https:\/\/asb-travel-solutions.com\/de\/gruppen\/","title":{"rendered":"Gruppen"},"content":{"rendered":"\t\t<div data-elementor-type=\"wp-page\" data-elementor-id=\"372\" class=\"elementor elementor-372\" data-elementor-post-type=\"page\">\n\t\t\t\t<div class=\"elementor-element elementor-element-040842b e-con-full e-flex e-con e-parent\" data-id=\"040842b\" data-element_type=\"container\" data-settings=\"{&quot;background_background&quot;:&quot;classic&quot;}\">\n\t\t<div class=\"elementor-element elementor-element-7bd8efa e-con-full e-flex e-con e-child\" data-id=\"7bd8efa\" data-element_type=\"container\" data-settings=\"{&quot;background_background&quot;:&quot;classic&quot;}\">\n\t\t<div class=\"elementor-element elementor-element-87fdb17 e-con-full e-flex e-con e-child\" data-id=\"87fdb17\" data-element_type=\"container\" data-settings=\"{&quot;background_background&quot;:&quot;classic&quot;}\">\n\t\t<div class=\"elementor-element elementor-element-3ef2823 e-con-full e-flex e-con e-child\" data-id=\"3ef2823\" data-element_type=\"container\" data-settings=\"{&quot;background_background&quot;:&quot;classic&quot;}\">\n\t\t<div class=\"elementor-element elementor-element-dcd7570 e-con-full e-flex e-con e-child\" data-id=\"dcd7570\" data-element_type=\"container\" data-settings=\"{&quot;background_background&quot;:&quot;classic&quot;}\">\n\t\t\t\t<div class=\"elementor-element elementor-element-573fad9 elementor-widget elementor-widget-template\" data-id=\"573fad9\" data-element_type=\"widget\" data-widget_type=\"template.default\">\n\t\t\t\t<div class=\"elementor-widget-container\">\n\t\t\t\t\t\t\t<div class=\"elementor-template\">\n\t\t\t\t\t<div data-elementor-type=\"section\" data-elementor-id=\"1454\" class=\"elementor elementor-1454\" data-elementor-post-type=\"elementor_library\">\n\t\t\t<div class=\"elementor-element elementor-element-2840b17 e-flex e-con-boxed e-con e-parent\" data-id=\"2840b17\" data-element_type=\"container\">\n\t\t\t\t\t<div class=\"e-con-inner\">\n\t\t\t\t<div class=\"elementor-element elementor-element-73be007 elementor-shape-circle e-grid-align-tablet-right e-grid-align-mobile-center elementor-grid-0 e-grid-align-center elementor-widget elementor-widget-social-icons\" data-id=\"73be007\" data-element_type=\"widget\" data-widget_type=\"social-icons.default\">\n\t\t\t\t<div class=\"elementor-widget-container\">\n\t\t\t\t\t\t\t<div class=\"elementor-social-icons-wrapper elementor-grid\" role=\"list\">\n\t\t\t\t\t\t\t<span class=\"elementor-grid-item\" role=\"listitem\">\n\t\t\t\t\t<a class=\"elementor-icon elementor-social-icon elementor-social-icon-facebook elementor-repeater-item-f236f80\" href=\"https:\/\/www.facebook.com\/asb.travel.solutions\" target=\"_blank\">\n\t\t\t\t\t\t<span class=\"elementor-screen-only\">Facebook<\/span>\n\t\t\t\t\t\t<svg class=\"e-font-icon-svg e-fab-facebook\" viewBox=\"0 0 512 512\" xmlns=\"http:\/\/www.w3.org\/2000\/svg\"><path d=\"M504 256C504 119 393 8 256 8S8 119 8 256c0 123.78 90.69 226.38 209.25 245V327.69h-63V256h63v-54.64c0-62.15 37-96.48 93.67-96.48 27.14 0 55.52 4.84 55.52 4.84v61h-31.28c-30.8 0-40.41 19.12-40.41 38.73V256h68.78l-11 71.69h-57.78V501C413.31 482.38 504 379.78 504 256z\"><\/path><\/svg>\t\t\t\t\t<\/a>\n\t\t\t\t<\/span>\n\t\t\t\t\t\t\t<span class=\"elementor-grid-item\" role=\"listitem\">\n\t\t\t\t\t<a class=\"elementor-icon elementor-social-icon elementor-social-icon-youtube elementor-repeater-item-1caa8e2\" href=\"https:\/\/www.youtube.com\/channel\/UCNXfbOFUq92C_l7l5SPm7Fw\" target=\"_blank\">\n\t\t\t\t\t\t<span class=\"elementor-screen-only\">Youtube<\/span>\n\t\t\t\t\t\t<svg class=\"e-font-icon-svg e-fab-youtube\" viewBox=\"0 0 576 512\" xmlns=\"http:\/\/www.w3.org\/2000\/svg\"><path d=\"M549.655 124.083c-6.281-23.65-24.787-42.276-48.284-48.597C458.781 64 288 64 288 64S117.22 64 74.629 75.486c-23.497 6.322-42.003 24.947-48.284 48.597-11.412 42.867-11.412 132.305-11.412 132.305s0 89.438 11.412 132.305c6.281 23.65 24.787 41.5 48.284 47.821C117.22 448 288 448 288 448s170.78 0 213.371-11.486c23.497-6.321 42.003-24.171 48.284-47.821 11.412-42.867 11.412-132.305 11.412-132.305s0-89.438-11.412-132.305zm-317.51 213.508V175.185l142.739 81.205-142.739 81.201z\"><\/path><\/svg>\t\t\t\t\t<\/a>\n\t\t\t\t<\/span>\n\t\t\t\t\t\t\t<span class=\"elementor-grid-item\" role=\"listitem\">\n\t\t\t\t\t<a class=\"elementor-icon elementor-social-icon elementor-social-icon-instagram elementor-repeater-item-0d655a2\" href=\"https:\/\/www.instagram.com\/asbtravelsolutionsltd\/\" target=\"_blank\">\n\t\t\t\t\t\t<span class=\"elementor-screen-only\">Instagram<\/span>\n\t\t\t\t\t\t<svg class=\"e-font-icon-svg e-fab-instagram\" viewBox=\"0 0 448 512\" xmlns=\"http:\/\/www.w3.org\/2000\/svg\"><path d=\"M224.1 141c-63.6 0-114.9 51.3-114.9 114.9s51.3 114.9 114.9 114.9S339 319.5 339 255.9 287.7 141 224.1 141zm0 189.6c-41.1 0-74.7-33.5-74.7-74.7s33.5-74.7 74.7-74.7 74.7 33.5 74.7 74.7-33.6 74.7-74.7 74.7zm146.4-194.3c0 14.9-12 26.8-26.8 26.8-14.9 0-26.8-12-26.8-26.8s12-26.8 26.8-26.8 26.8 12 26.8 26.8zm76.1 27.2c-1.7-35.9-9.9-67.7-36.2-93.9-26.2-26.2-58-34.4-93.9-36.2-37-2.1-147.9-2.1-184.9 0-35.8 1.7-67.6 9.9-93.9 36.1s-34.4 58-36.2 93.9c-2.1 37-2.1 147.9 0 184.9 1.7 35.9 9.9 67.7 36.2 93.9s58 34.4 93.9 36.2c37 2.1 147.9 2.1 184.9 0 35.9-1.7 67.7-9.9 93.9-36.2 26.2-26.2 34.4-58 36.2-93.9 2.1-37 2.1-147.8 0-184.8zM398.8 388c-7.8 19.6-22.9 34.7-42.6 42.6-29.5 11.7-99.5 9-132.1 9s-102.7 2.6-132.1-9c-19.6-7.8-34.7-22.9-42.6-42.6-11.7-29.5-9-99.5-9-132.1s-2.6-102.7 9-132.1c7.8-19.6 22.9-34.7 42.6-42.6 29.5-11.7 99.5-9 132.1-9s102.7-2.6 132.1 9c19.6 7.8 34.7 22.9 42.6 42.6 11.7 29.5 9 99.5 9 132.1s2.7 102.7-9 132.1z\"><\/path><\/svg>\t\t\t\t\t<\/a>\n\t\t\t\t<\/span>\n\t\t\t\t\t<\/div>\n\t\t\t\t\t\t<\/div>\n\t\t\t\t<\/div>\n\t\t\t\t\t<\/div>\n\t\t\t\t<\/div>\n\t\t\t\t<\/div>\n\t\t\t\t<\/div>\n\t\t\t\t\t\t<\/div>\n\t\t\t\t<\/div>\n\t\t\t\t<\/div>\n\t\t\t\t<\/div>\n\t\t\t\t<div class=\"elementor-element elementor-element-44d0925 elementor-widget elementor-widget-spacer\" data-id=\"44d0925\" data-element_type=\"widget\" data-widget_type=\"spacer.default\">\n\t\t\t\t<div class=\"elementor-widget-container\">\n\t\t\t\t\t\t\t<div class=\"elementor-spacer\">\n\t\t\t<div class=\"elementor-spacer-inner\"><\/div>\n\t\t<\/div>\n\t\t\t\t\t\t<\/div>\n\t\t\t\t<\/div>\n\t\t\t\t<\/div>\n\t\t<div class=\"elementor-element elementor-element-1a114c2 e-con-full e-flex e-con e-child\" data-id=\"1a114c2\" data-element_type=\"container\" data-settings=\"{&quot;background_background&quot;:&quot;classic&quot;}\">\n\t\t\t\t<div class=\"elementor-element elementor-element-6b4fc76 elementor-widget elementor-widget-spacer\" data-id=\"6b4fc76\" data-element_type=\"widget\" data-widget_type=\"spacer.default\">\n\t\t\t\t<div class=\"elementor-widget-container\">\n\t\t\t\t\t\t\t<div class=\"elementor-spacer\">\n\t\t\t<div class=\"elementor-spacer-inner\"><\/div>\n\t\t<\/div>\n\t\t\t\t\t\t<\/div>\n\t\t\t\t<\/div>\n\t\t\t\t<div class=\"elementor-element elementor-element-27c00c5 elementor-widget-divider--view-line elementor-widget elementor-widget-divider\" data-id=\"27c00c5\" data-element_type=\"widget\" data-widget_type=\"divider.default\">\n\t\t\t\t<div class=\"elementor-widget-container\">\n\t\t\t\t\t\t\t<div class=\"elementor-divider\">\n\t\t\t<span class=\"elementor-divider-separator\">\n\t\t\t\t\t\t<\/span>\n\t\t<\/div>\n\t\t\t\t\t\t<\/div>\n\t\t\t\t<\/div>\n\t\t<div class=\"elementor-element elementor-element-7928883 e-con-full e-flex e-con e-child\" data-id=\"7928883\" data-element_type=\"container\">\n\t\t<div class=\"elementor-element elementor-element-1b5b88c e-con-full e-flex e-con e-child\" data-id=\"1b5b88c\" data-element_type=\"container\">\n\t\t\t\t<div class=\"elementor-element elementor-element-b708ea8 elementor-widget elementor-widget-heading\" data-id=\"b708ea8\" data-element_type=\"widget\" data-widget_type=\"heading.default\">\n\t\t\t\t<div class=\"elementor-widget-container\">\n\t\t\t\t\t<h2 class=\"elementor-heading-title elementor-size-default\">Gruppen\n<\/h2>\t\t\t\t<\/div>\n\t\t\t\t<\/div>\n\t\t\t\t<div class=\"elementor-element elementor-element-9d8bd34 elementor-widget elementor-widget-heading\" data-id=\"9d8bd34\" data-element_type=\"widget\" data-widget_type=\"heading.default\">\n\t\t\t\t<div class=\"elementor-widget-container\">\n\t\t\t\t\t<h3 class=\"elementor-heading-title elementor-size-default\">Gruppenreisen f\u00fcr Reiseveranstalter\n<\/h3>\t\t\t\t<\/div>\n\t\t\t\t<\/div>\n\t\t<div class=\"elementor-element elementor-element-be74e01 e-con-full e-flex e-con e-child\" data-id=\"be74e01\" data-element_type=\"container\">\n\t\t<div class=\"elementor-element elementor-element-470b7e7 e-con-full e-flex e-con e-child\" data-id=\"470b7e7\" data-element_type=\"container\">\n\t\t\t\t<div class=\"elementor-element elementor-element-f0be761 elementor-widget elementor-widget-text-editor\" data-id=\"f0be761\" data-element_type=\"widget\" data-widget_type=\"text-editor.default\">\n\t\t\t\t<div class=\"elementor-widget-container\">\n\t\t\t\t\t\t\t\t\t<p class=\"font_8 wixui-rich-text__text\"><span class=\"wixui-rich-text__text\">Seit \u00fcber 23 Jahren nutzen namhafte Reiseveranstalter wie TUI, Studiosus und andere gro\u00dfe und kleine Unternehmen unsere Dienstleistungen.\u00a0<\/span><\/p><p class=\"font_8 wixui-rich-text__text\"><span class=\"wixGuard wixui-rich-text__text\">\u200b<\/span><\/p><p class=\"font_8 wixui-rich-text__text\"><span class=\"wixui-rich-text__text\">Wir sind stolz darauf, \u00fcber 15 L\u00e4nder mit erfolgreichen Marketingstrategien zu vertreten und so ihr Gesch\u00e4ftswachstum zu f\u00f6rdern.\u00a0\u00a0<\/span><span class=\"wixui-rich-text__text\">Wir liefern innovative Ideen f\u00fcr Gruppenreisen zu wettbewerbsf\u00e4higen Preisen von unseren Partnern und stellen uns jeder Herausforderung f\u00fcr ma\u00dfgeschneiderte Touren in alle unsere Reiseziele.<\/span><\/p><p class=\"font_8 wixui-rich-text__text\"><span class=\"wixui-rich-text__text\"><span class=\"wixGuard wixui-rich-text__text\">\u200b<\/span><\/span><\/p><p class=\"font_8 wixui-rich-text__text\"><span class=\"wixui-rich-text__text\">Unsere Partner planen gerne Ihre Gruppenreise individuell auf die Bed\u00fcrfnisse Ihrer Kunden zugeschnitten.<\/span><\/p><p class=\"font_8 wixui-rich-text__text\"><span class=\"wixui-rich-text__text\">Unsere Marketingstrategien orientieren sich an den Bed\u00fcrfnissen der Reiseveranstalter und Reiseziele sowie an den Produkten und Dienstleistungen unserer Partner.<\/span><\/p>\t\t\t\t\t\t\t\t<\/div>\n\t\t\t\t<\/div>\n\t\t\t\t<div class=\"elementor-element elementor-element-8e99037 elementor-widget elementor-widget-text-editor\" data-id=\"8e99037\" data-element_type=\"widget\" data-widget_type=\"text-editor.default\">\n\t\t\t\t<div class=\"elementor-widget-container\">\n\t\t\t\t\t\t\t\t\t<p><a href=\"https:\/\/asb-travel-solutions.com\/de\/kontakt\/\"><span class=\"wixui-rich-text__text\">Senden Sie uns noch heute Ihre Anfrage und testen Sie uns!<\/span><\/a><\/p>\t\t\t\t\t\t\t\t<\/div>\n\t\t\t\t<\/div>\n\t\t\t\t<\/div>\n\t\t\t\t<\/div>\n\t\t\t\t<\/div>\n\t\t\t\t<\/div>\n\t\t<div class=\"elementor-element elementor-element-ba47906 e-con-full e-flex e-con e-child\" data-id=\"ba47906\" data-element_type=\"container\">\n\t\t<div class=\"elementor-element elementor-element-0865d75 e-con-full e-flex e-con e-child\" data-id=\"0865d75\" data-element_type=\"container\">\n\t\t\t\t<div class=\"elementor-element elementor-element-1d87904 elementor-widget elementor-widget-image\" data-id=\"1d87904\" data-element_type=\"widget\" data-widget_type=\"image.default\">\n\t\t\t\t<div class=\"elementor-widget-container\">\n\t\t\t\t\t\t\t\t\t\t\t\t\t\t\t<img decoding=\"async\" width=\"160\" height=\"160\" src=\"https:\/\/asb-travel-solutions.com\/de\/wp-content\/uploads\/2025\/03\/icon1.avif\" class=\"attachment-large size-large wp-image-891\" alt=\"\" srcset=\"https:\/\/asb-travel-solutions.com\/de\/wp-content\/uploads\/2025\/03\/icon1.avif 160w, https:\/\/asb-travel-solutions.com\/de\/wp-content\/uploads\/2025\/03\/icon1-150x150.avif 150w\" sizes=\"(max-width: 160px) 100vw, 160px\" \/>\t\t\t\t\t\t\t\t\t\t\t\t\t\t\t<\/div>\n\t\t\t\t<\/div>\n\t\t\t\t<\/div>\n\t\t<div class=\"elementor-element elementor-element-27a2f62 e-con-full e-flex e-con e-child\" data-id=\"27a2f62\" data-element_type=\"container\">\n\t\t\t\t<div class=\"elementor-element elementor-element-642c359 elementor-widget elementor-widget-image\" data-id=\"642c359\" data-element_type=\"widget\" data-widget_type=\"image.default\">\n\t\t\t\t<div class=\"elementor-widget-container\">\n\t\t\t\t\t\t\t\t\t\t\t\t\t\t\t<img decoding=\"async\" width=\"160\" height=\"160\" src=\"https:\/\/asb-travel-solutions.com\/de\/wp-content\/uploads\/2025\/03\/icon3.avif\" class=\"attachment-large size-large wp-image-893\" alt=\"\" srcset=\"https:\/\/asb-travel-solutions.com\/de\/wp-content\/uploads\/2025\/03\/icon3.avif 160w, https:\/\/asb-travel-solutions.com\/de\/wp-content\/uploads\/2025\/03\/icon3-150x150.avif 150w\" sizes=\"(max-width: 160px) 100vw, 160px\" \/>\t\t\t\t\t\t\t\t\t\t\t\t\t\t\t<\/div>\n\t\t\t\t<\/div>\n\t\t\t\t<\/div>\n\t\t<div class=\"elementor-element elementor-element-0f11b44 e-con-full e-flex e-con e-child\" data-id=\"0f11b44\" data-element_type=\"container\">\n\t\t\t\t<div class=\"elementor-element elementor-element-e5b2248 elementor-widget elementor-widget-image\" data-id=\"e5b2248\" data-element_type=\"widget\" data-widget_type=\"image.default\">\n\t\t\t\t<div class=\"elementor-widget-container\">\n\t\t\t\t\t\t\t\t\t\t\t\t\t\t\t<img decoding=\"async\" width=\"160\" height=\"160\" src=\"https:\/\/asb-travel-solutions.com\/de\/wp-content\/uploads\/2025\/03\/icon4.avif\" class=\"attachment-large size-large wp-image-894\" alt=\"\" srcset=\"https:\/\/asb-travel-solutions.com\/de\/wp-content\/uploads\/2025\/03\/icon4.avif 160w, https:\/\/asb-travel-solutions.com\/de\/wp-content\/uploads\/2025\/03\/icon4-150x150.avif 150w\" sizes=\"(max-width: 160px) 100vw, 160px\" \/>\t\t\t\t\t\t\t\t\t\t\t\t\t\t\t<\/div>\n\t\t\t\t<\/div>\n\t\t\t\t<\/div>\n\t\t<div class=\"elementor-element elementor-element-e75ef48 e-con-full e-flex e-con e-child\" data-id=\"e75ef48\" data-element_type=\"container\">\n\t\t\t\t<div class=\"elementor-element elementor-element-4290105 elementor-widget elementor-widget-image\" data-id=\"4290105\" data-element_type=\"widget\" data-widget_type=\"image.default\">\n\t\t\t\t<div class=\"elementor-widget-container\">\n\t\t\t\t\t\t\t\t\t\t\t\t\t\t\t<img loading=\"lazy\" decoding=\"async\" width=\"160\" height=\"160\" src=\"https:\/\/asb-travel-solutions.com\/de\/wp-content\/uploads\/2025\/03\/icon2.avif\" class=\"attachment-large size-large wp-image-892\" alt=\"\" srcset=\"https:\/\/asb-travel-solutions.com\/de\/wp-content\/uploads\/2025\/03\/icon2.avif 160w, https:\/\/asb-travel-solutions.com\/de\/wp-content\/uploads\/2025\/03\/icon2-150x150.avif 150w\" sizes=\"(max-width: 160px) 100vw, 160px\" \/>\t\t\t\t\t\t\t\t\t\t\t\t\t\t\t<\/div>\n\t\t\t\t<\/div>\n\t\t\t\t<\/div>\n\t\t<div class=\"elementor-element elementor-element-a3aa8a8 e-con-full e-flex e-con e-child\" data-id=\"a3aa8a8\" data-element_type=\"container\">\n\t\t\t\t<div class=\"elementor-element elementor-element-9143911 elementor-widget elementor-widget-image\" data-id=\"9143911\" data-element_type=\"widget\" data-widget_type=\"image.default\">\n\t\t\t\t<div class=\"elementor-widget-container\">\n\t\t\t\t\t\t\t\t\t\t\t\t\t\t\t<img loading=\"lazy\" decoding=\"async\" width=\"160\" height=\"160\" src=\"https:\/\/asb-travel-solutions.com\/de\/wp-content\/uploads\/2025\/03\/icon5.avif\" class=\"attachment-large size-large wp-image-895\" alt=\"\" srcset=\"https:\/\/asb-travel-solutions.com\/de\/wp-content\/uploads\/2025\/03\/icon5.avif 160w, https:\/\/asb-travel-solutions.com\/de\/wp-content\/uploads\/2025\/03\/icon5-150x150.avif 150w\" sizes=\"(max-width: 160px) 100vw, 160px\" \/>\t\t\t\t\t\t\t\t\t\t\t\t\t\t\t<\/div>\n\t\t\t\t<\/div>\n\t\t\t\t<\/div>\n\t\t\t\t<\/div>\n\t\t\t\t<\/div>\n\t\t<div class=\"elementor-element elementor-element-a843372 e-con-full e-flex e-con e-child\" data-id=\"a843372\" data-element_type=\"container\" data-settings=\"{&quot;background_background&quot;:&quot;classic&quot;}\">\n\t\t\t\t<div class=\"elementor-element elementor-element-391fcea elementor-widget elementor-widget-spacer\" data-id=\"391fcea\" data-element_type=\"widget\" data-widget_type=\"spacer.default\">\n\t\t\t\t<div class=\"elementor-widget-container\">\n\t\t\t\t\t\t\t<div class=\"elementor-spacer\">\n\t\t\t<div class=\"elementor-spacer-inner\"><\/div>\n\t\t<\/div>\n\t\t\t\t\t\t<\/div>\n\t\t\t\t<\/div>\n\t\t\t\t<\/div>\n\t\t\t\t<\/div>\n\t\t\t\t<\/div>\n\t\t\t\t<\/div>\n\t\t","protected":false},"excerpt":{"rendered":"<p>Gruppen Gruppenreisen f\u00fcr Reiseveranstalter Seit \u00fcber 23 Jahren nutzen namhafte Reiseveranstalter wie TUI, Studiosus und andere gro\u00dfe und kleine Unternehmen unsere Dienstleistungen.\u00a0 \u200b Wir sind stolz darauf, \u00fcber 15 L\u00e4nder mit erfolgreichen Marketingstrategien zu vertreten und so ihr Gesch\u00e4ftswachstum zu f\u00f6rdern.\u00a0\u00a0Wir liefern innovative Ideen f\u00fcr Gruppenreisen zu wettbewerbsf\u00e4higen Preisen von unseren Partnern und stellen uns [&hellip;]<\/p>\n","protected":false},"author":2,"featured_media":0,"parent":0,"menu_order":0,"comment_status":"closed","ping_status":"closed","template":"","meta":{"_acf_changed":false,"footnotes":""},"class_list":["post-372","page","type-page","status-publish","hentry"],"acf":[],"_links":{"self":[{"href":"https:\/\/asb-travel-solutions.com\/de\/wp-json\/wp\/v2\/pages\/372","targetHints":{"allow":["GET"]}}],"collection":[{"href":"https:\/\/asb-travel-solutions.com\/de\/wp-json\/wp\/v2\/pages"}],"about":[{"href":"https:\/\/asb-travel-solutions.com\/de\/wp-json\/wp\/v2\/types\/page"}],"author":[{"embeddable":true,"href":"https:\/\/asb-travel-solutions.com\/de\/wp-json\/wp\/v2\/users\/2"}],"replies":[{"embeddable":true,"href":"https:\/\/asb-travel-solutions.com\/de\/wp-json\/wp\/v2\/comments?post=372"}],"version-history":[{"count":37,"href":"https:\/\/asb-travel-solutions.com\/de\/wp-json\/wp\/v2\/pages\/372\/revisions"}],"predecessor-version":[{"id":1538,"href":"https:\/\/asb-travel-solutions.com\/de\/wp-json\/wp\/v2\/pages\/372\/revisions\/1538"}],"wp:attachment":[{"href":"https:\/\/asb-travel-solutions.com\/de\/wp-json\/wp\/v2\/media?parent=372"}],"curies":[{"name":"wp","href":"https:\/\/api.w.org\/{rel}","templated":true}]}}