{"id":1107,"date":"2025-04-08T07:53:38","date_gmt":"2025-04-08T07:53:38","guid":{"rendered":"https:\/\/asb-travel-solutions.com\/?page_id=1107"},"modified":"2025-06-13T12:21:12","modified_gmt":"2025-06-13T12:21:12","slug":"morocco","status":"publish","type":"page","link":"https:\/\/asb-travel-solutions.com\/de\/morocco\/","title":{"rendered":"Morocco"},"content":{"rendered":"\t\t<div data-elementor-type=\"wp-page\" data-elementor-id=\"1107\" class=\"elementor elementor-1107\" data-elementor-post-type=\"page\">\n\t\t\t\t<div class=\"elementor-element elementor-element-7809e83 e-con-full e-flex e-con e-parent\" data-id=\"7809e83\" data-element_type=\"container\" data-settings=\"{&quot;background_background&quot;:&quot;classic&quot;}\">\n\t\t<div class=\"elementor-element elementor-element-19adf4e e-con-full e-flex e-con e-child\" data-id=\"19adf4e\" data-element_type=\"container\" data-settings=\"{&quot;background_background&quot;:&quot;classic&quot;}\">\n\t\t<div class=\"elementor-element elementor-element-5d2f870 e-con-full e-flex e-con e-child\" data-id=\"5d2f870\" data-element_type=\"container\" data-settings=\"{&quot;background_background&quot;:&quot;classic&quot;}\">\n\t\t<div class=\"elementor-element elementor-element-7c4e2ed e-con-full e-flex e-con e-child\" data-id=\"7c4e2ed\" data-element_type=\"container\">\n\t\t\t\t<div class=\"elementor-element elementor-element-cb95f7d elementor-widget elementor-widget-heading\" data-id=\"cb95f7d\" data-element_type=\"widget\" data-widget_type=\"heading.default\">\n\t\t\t\t<div class=\"elementor-widget-container\">\n\t\t\t\t\t<h2 class=\"elementor-heading-title elementor-size-default\">Marokko<\/h2>\t\t\t\t<\/div>\n\t\t\t\t<\/div>\n\t\t\t\t<\/div>\n\t\t<div class=\"elementor-element elementor-element-9216691 e-con-full e-flex e-con e-child\" data-id=\"9216691\" data-element_type=\"container\" data-settings=\"{&quot;background_background&quot;:&quot;classic&quot;}\">\n\t\t<div class=\"elementor-element elementor-element-065de8e e-con-full e-flex e-con e-child\" data-id=\"065de8e\" data-element_type=\"container\" data-settings=\"{&quot;background_background&quot;:&quot;classic&quot;}\">\n\t\t\t\t<div class=\"elementor-element elementor-element-bd32641 elementor-widget elementor-widget-template\" data-id=\"bd32641\" data-element_type=\"widget\" data-widget_type=\"template.default\">\n\t\t\t\t<div class=\"elementor-widget-container\">\n\t\t\t\t\t\t\t<div class=\"elementor-template\">\n\t\t\t\t\t<div data-elementor-type=\"section\" data-elementor-id=\"1454\" class=\"elementor elementor-1454\" data-elementor-post-type=\"elementor_library\">\n\t\t\t<div class=\"elementor-element elementor-element-2840b17 e-flex e-con-boxed e-con e-parent\" data-id=\"2840b17\" data-element_type=\"container\">\n\t\t\t\t\t<div class=\"e-con-inner\">\n\t\t\t\t<div class=\"elementor-element elementor-element-73be007 elementor-shape-circle e-grid-align-tablet-right e-grid-align-mobile-center elementor-grid-0 e-grid-align-center elementor-widget elementor-widget-social-icons\" data-id=\"73be007\" data-element_type=\"widget\" data-widget_type=\"social-icons.default\">\n\t\t\t\t<div class=\"elementor-widget-container\">\n\t\t\t\t\t\t\t<div class=\"elementor-social-icons-wrapper elementor-grid\" role=\"list\">\n\t\t\t\t\t\t\t<span class=\"elementor-grid-item\" role=\"listitem\">\n\t\t\t\t\t<a class=\"elementor-icon elementor-social-icon elementor-social-icon-facebook elementor-repeater-item-f236f80\" href=\"https:\/\/www.facebook.com\/asb.travel.solutions\" target=\"_blank\">\n\t\t\t\t\t\t<span class=\"elementor-screen-only\">Facebook<\/span>\n\t\t\t\t\t\t<svg class=\"e-font-icon-svg e-fab-facebook\" viewBox=\"0 0 512 512\" xmlns=\"http:\/\/www.w3.org\/2000\/svg\"><path d=\"M504 256C504 119 393 8 256 8S8 119 8 256c0 123.78 90.69 226.38 209.25 245V327.69h-63V256h63v-54.64c0-62.15 37-96.48 93.67-96.48 27.14 0 55.52 4.84 55.52 4.84v61h-31.28c-30.8 0-40.41 19.12-40.41 38.73V256h68.78l-11 71.69h-57.78V501C413.31 482.38 504 379.78 504 256z\"><\/path><\/svg>\t\t\t\t\t<\/a>\n\t\t\t\t<\/span>\n\t\t\t\t\t\t\t<span class=\"elementor-grid-item\" role=\"listitem\">\n\t\t\t\t\t<a class=\"elementor-icon elementor-social-icon elementor-social-icon-youtube elementor-repeater-item-1caa8e2\" href=\"https:\/\/www.youtube.com\/channel\/UCNXfbOFUq92C_l7l5SPm7Fw\" target=\"_blank\">\n\t\t\t\t\t\t<span class=\"elementor-screen-only\">Youtube<\/span>\n\t\t\t\t\t\t<svg class=\"e-font-icon-svg e-fab-youtube\" viewBox=\"0 0 576 512\" xmlns=\"http:\/\/www.w3.org\/2000\/svg\"><path d=\"M549.655 124.083c-6.281-23.65-24.787-42.276-48.284-48.597C458.781 64 288 64 288 64S117.22 64 74.629 75.486c-23.497 6.322-42.003 24.947-48.284 48.597-11.412 42.867-11.412 132.305-11.412 132.305s0 89.438 11.412 132.305c6.281 23.65 24.787 41.5 48.284 47.821C117.22 448 288 448 288 448s170.78 0 213.371-11.486c23.497-6.321 42.003-24.171 48.284-47.821 11.412-42.867 11.412-132.305 11.412-132.305s0-89.438-11.412-132.305zm-317.51 213.508V175.185l142.739 81.205-142.739 81.201z\"><\/path><\/svg>\t\t\t\t\t<\/a>\n\t\t\t\t<\/span>\n\t\t\t\t\t\t\t<span class=\"elementor-grid-item\" role=\"listitem\">\n\t\t\t\t\t<a class=\"elementor-icon elementor-social-icon elementor-social-icon-instagram elementor-repeater-item-0d655a2\" href=\"https:\/\/www.instagram.com\/asbtravelsolutionsltd\/\" target=\"_blank\">\n\t\t\t\t\t\t<span class=\"elementor-screen-only\">Instagram<\/span>\n\t\t\t\t\t\t<svg class=\"e-font-icon-svg e-fab-instagram\" viewBox=\"0 0 448 512\" xmlns=\"http:\/\/www.w3.org\/2000\/svg\"><path d=\"M224.1 141c-63.6 0-114.9 51.3-114.9 114.9s51.3 114.9 114.9 114.9S339 319.5 339 255.9 287.7 141 224.1 141zm0 189.6c-41.1 0-74.7-33.5-74.7-74.7s33.5-74.7 74.7-74.7 74.7 33.5 74.7 74.7-33.6 74.7-74.7 74.7zm146.4-194.3c0 14.9-12 26.8-26.8 26.8-14.9 0-26.8-12-26.8-26.8s12-26.8 26.8-26.8 26.8 12 26.8 26.8zm76.1 27.2c-1.7-35.9-9.9-67.7-36.2-93.9-26.2-26.2-58-34.4-93.9-36.2-37-2.1-147.9-2.1-184.9 0-35.8 1.7-67.6 9.9-93.9 36.1s-34.4 58-36.2 93.9c-2.1 37-2.1 147.9 0 184.9 1.7 35.9 9.9 67.7 36.2 93.9s58 34.4 93.9 36.2c37 2.1 147.9 2.1 184.9 0 35.9-1.7 67.7-9.9 93.9-36.2 26.2-26.2 34.4-58 36.2-93.9 2.1-37 2.1-147.8 0-184.8zM398.8 388c-7.8 19.6-22.9 34.7-42.6 42.6-29.5 11.7-99.5 9-132.1 9s-102.7 2.6-132.1-9c-19.6-7.8-34.7-22.9-42.6-42.6-11.7-29.5-9-99.5-9-132.1s-2.6-102.7 9-132.1c7.8-19.6 22.9-34.7 42.6-42.6 29.5-11.7 99.5-9 132.1-9s102.7-2.6 132.1 9c19.6 7.8 34.7 22.9 42.6 42.6 11.7 29.5 9 99.5 9 132.1s2.7 102.7-9 132.1z\"><\/path><\/svg>\t\t\t\t\t<\/a>\n\t\t\t\t<\/span>\n\t\t\t\t\t<\/div>\n\t\t\t\t\t\t<\/div>\n\t\t\t\t<\/div>\n\t\t\t\t\t<\/div>\n\t\t\t\t<\/div>\n\t\t\t\t<\/div>\n\t\t\t\t<\/div>\n\t\t\t\t\t\t<\/div>\n\t\t\t\t<\/div>\n\t\t\t\t<\/div>\n\t\t\t\t<\/div>\n\t\t\t\t<div class=\"elementor-element elementor-element-c91c7c5 elementor-widget elementor-widget-spacer\" data-id=\"c91c7c5\" data-element_type=\"widget\" data-widget_type=\"spacer.default\">\n\t\t\t\t<div class=\"elementor-widget-container\">\n\t\t\t\t\t\t\t<div class=\"elementor-spacer\">\n\t\t\t<div class=\"elementor-spacer-inner\"><\/div>\n\t\t<\/div>\n\t\t\t\t\t\t<\/div>\n\t\t\t\t<\/div>\n\t\t\t\t<\/div>\n\t\t<div class=\"elementor-element elementor-element-83cbd17 e-con-full e-flex e-con e-child\" data-id=\"83cbd17\" data-element_type=\"container\" data-settings=\"{&quot;background_background&quot;:&quot;classic&quot;}\">\n\t\t<div class=\"elementor-element elementor-element-d2cbdc6 e-con-full e-flex e-con e-child\" data-id=\"d2cbdc6\" data-element_type=\"container\" data-settings=\"{&quot;background_background&quot;:&quot;classic&quot;}\">\n\t\t<div class=\"elementor-element elementor-element-fcf785c e-con-full e-flex e-con e-child\" data-id=\"fcf785c\" data-element_type=\"container\">\n\t\t<div class=\"elementor-element elementor-element-012ddb5 e-con-full e-flex e-con e-child\" data-id=\"012ddb5\" data-element_type=\"container\">\n\t\t\t\t<div class=\"elementor-element elementor-element-1e6491b elementor-widget elementor-widget-text-editor\" data-id=\"1e6491b\" data-element_type=\"widget\" data-widget_type=\"text-editor.default\">\n\t\t\t\t<div class=\"elementor-widget-container\">\n\t\t\t\t\t\t\t\t\tSind Sie ein Reiseveranstalter und an diesem Reiseziel interessiert?\t\t\t\t\t\t\t\t<\/div>\n\t\t\t\t<\/div>\n\t\t\t\t<\/div>\n\t\t<div class=\"elementor-element elementor-element-ad5ac43 e-con-full e-flex e-con e-child\" data-id=\"ad5ac43\" data-element_type=\"container\">\n\t\t\t\t<div class=\"elementor-element elementor-element-2f046a4 elementor-align-right elementor-mobile-align-center elementor-widget elementor-widget-button\" data-id=\"2f046a4\" data-element_type=\"widget\" data-widget_type=\"button.default\">\n\t\t\t\t<div class=\"elementor-widget-container\">\n\t\t\t\t\t\t\t\t\t<div class=\"elementor-button-wrapper\">\n\t\t\t\t\t<a class=\"elementor-button elementor-button-link elementor-size-sm\" href=\"https:\/\/asb-travel-solutions.com\/de\/contact\/\">\n\t\t\t\t\t\t<span class=\"elementor-button-content-wrapper\">\n\t\t\t\t\t\t\t\t\t<span class=\"elementor-button-text\">Get in Touch<\/span>\n\t\t\t\t\t<\/span>\n\t\t\t\t\t<\/a>\n\t\t\t\t<\/div>\n\t\t\t\t\t\t\t\t<\/div>\n\t\t\t\t<\/div>\n\t\t\t\t<\/div>\n\t\t\t\t<\/div>\n\t\t\t\t<\/div>\n\t\t\t\t<\/div>\n\t\t<div class=\"elementor-element elementor-element-2cf9e21 e-con-full e-flex e-con e-child\" data-id=\"2cf9e21\" data-element_type=\"container\" data-settings=\"{&quot;background_background&quot;:&quot;classic&quot;}\">\n\t\t\t\t<div class=\"elementor-element elementor-element-de2c8fc elementor-arrows-position-inside elementor-widget elementor-widget-loop-carousel\" data-id=\"de2c8fc\" data-element_type=\"widget\" data-settings=\"{&quot;template_id&quot;:&quot;697&quot;,&quot;slides_to_show&quot;:&quot;1&quot;,&quot;autoplay_speed&quot;:2500,&quot;_skin&quot;:&quot;post&quot;,&quot;slides_to_show_tablet&quot;:&quot;2&quot;,&quot;slides_to_show_mobile&quot;:&quot;1&quot;,&quot;slides_to_scroll&quot;:&quot;1&quot;,&quot;edit_handle_selector&quot;:&quot;.elementor-widget-container&quot;,&quot;autoplay&quot;:&quot;yes&quot;,&quot;infinite&quot;:&quot;yes&quot;,&quot;speed&quot;:500,&quot;offset_sides&quot;:&quot;none&quot;,&quot;arrows&quot;:&quot;yes&quot;,&quot;image_spacing_custom&quot;:{&quot;unit&quot;:&quot;px&quot;,&quot;size&quot;:10,&quot;sizes&quot;:[]},&quot;image_spacing_custom_tablet&quot;:{&quot;unit&quot;:&quot;px&quot;,&quot;size&quot;:&quot;&quot;,&quot;sizes&quot;:[]},&quot;image_spacing_custom_mobile&quot;:{&quot;unit&quot;:&quot;px&quot;,&quot;size&quot;:&quot;&quot;,&quot;sizes&quot;:[]}}\" data-widget_type=\"loop-carousel.post\">\n\t\t\t\t<div class=\"elementor-widget-container\">\n\t\t\t\t\t\t\t<div class=\"swiper elementor-loop-container elementor-grid\" dir=\"ltr\">\n\t\t\t\t<div class=\"swiper-wrapper\" aria-live=\"off\">\n\t\t<style id=\"loop-697\">.elementor-697 .elementor-element.elementor-element-c731646{--display:flex;--flex-direction:column;--container-widget-width:100%;--container-widget-height:initial;--container-widget-flex-grow:0;--container-widget-align-self:initial;--flex-wrap-mobile:wrap;}.elementor-697 .elementor-element.elementor-element-e9697d2{--display:flex;--gap:0px 0px;--row-gap:0px;--column-gap:0px;}.elementor-697 .elementor-element.elementor-element-e9697d2:not(.elementor-motion-effects-element-type-background), .elementor-697 .elementor-element.elementor-element-e9697d2 > .elementor-motion-effects-container > .elementor-motion-effects-layer{background-color:#000000;}.elementor-697 .elementor-element.elementor-element-b2b7bf5{--display:flex;--min-height:110px;--justify-content:center;}.elementor-widget-theme-post-content{color:var( --e-global-color-text );font-family:var( --e-global-typography-text-font-family ), Sans-serif;font-weight:var( --e-global-typography-text-font-weight );}.elementor-697 .elementor-element.elementor-element-7eca353{text-align:center;color:#FFFFFF;}.elementor-697 .elementor-element.elementor-element-73656e7{--display:flex;}.elementor-widget-theme-post-featured-image .widget-image-caption{color:var( --e-global-color-text );font-family:var( --e-global-typography-text-font-family ), Sans-serif;font-weight:var( --e-global-typography-text-font-weight );}.elementor-697 .elementor-element.elementor-element-a9f4f78 img{width:100%;height:450px;object-fit:cover;object-position:center center;}@media(max-width:767px){.elementor-697 .elementor-element.elementor-element-a9f4f78 img{height:200px;}}<\/style>\t\t<div data-elementor-type=\"loop-item\" data-elementor-id=\"697\" class=\"elementor elementor-697 swiper-slide e-loop-item e-loop-item-1272 post-1272 slider type-slider status-publish has-post-thumbnail hentry\" data-elementor-post-type=\"elementor_library\" role=\"group\" aria-roledescription=\"slide\" data-custom-edit-handle=\"1\">\n\t\t\t<div class=\"elementor-element elementor-element-c731646 e-flex e-con-boxed e-con e-parent\" data-id=\"c731646\" data-element_type=\"container\">\n\t\t\t\t\t<div class=\"e-con-inner\">\n\t\t<div class=\"elementor-element elementor-element-e9697d2 e-con-full e-flex e-con e-child\" data-id=\"e9697d2\" data-element_type=\"container\" data-settings=\"{&quot;background_background&quot;:&quot;classic&quot;}\">\n\t\t<div class=\"elementor-element elementor-element-b2b7bf5 e-con-full e-flex e-con e-child\" data-id=\"b2b7bf5\" data-element_type=\"container\">\n\t\t\t\t<div class=\"elementor-element elementor-element-7eca353 elementor-widget elementor-widget-theme-post-content\" data-id=\"7eca353\" data-element_type=\"widget\" data-widget_type=\"theme-post-content.default\">\n\t\t\t\t<div class=\"elementor-widget-container\">\n\t\t\t\t\t<p>Marokko begeistert mit einer reichen Geschichte, lebendiger Kultur und einer beeindruckenden landschaftlichen Vielfalt. Von den gesch\u00e4ftigen Souks und historischen Medinas in Marrakesch und F\u00e8s \u00fcber die goldenen D\u00fcnen der Sahara bis hin zu den schroffen Gipfeln des Atlasgebirges \u2013 Marokko bietet eine unvergessliche Mischung aus Tradition und Abenteuer. Schlendern Sie durch die blau get\u00fcnchten Gassen von Chefchaouen, erleben Sie das maritime Flair von Essaouira oder entspannen Sie in einem traditionellen Riad mit duftenden G\u00e4rten. Ideal f\u00fcr Kulturreisende, Naturliebhaber und alle, die authentische Erlebnisse suchen \u2013 Marokko verzaubert mit Farben, Kontrasten und zeitloser Gastfreundschaft. <\/p>\n\t\t\t\t<\/div>\n\t\t\t\t<\/div>\n\t\t\t\t<\/div>\n\t\t<div class=\"elementor-element elementor-element-73656e7 e-con-full e-flex e-con e-child\" data-id=\"73656e7\" data-element_type=\"container\">\n\t\t\t\t<div class=\"elementor-element elementor-element-a9f4f78 elementor-widget elementor-widget-theme-post-featured-image elementor-widget-image\" data-id=\"a9f4f78\" data-element_type=\"widget\" data-widget_type=\"theme-post-featured-image.default\">\n\t\t\t\t<div class=\"elementor-widget-container\">\n\t\t\t\t\t\t\t\t\t\t\t\t\t\t\t<img fetchpriority=\"high\" decoding=\"async\" width=\"800\" height=\"592\" src=\"https:\/\/asb-travel-solutions.com\/de\/wp-content\/uploads\/2025\/04\/morocco-1024x758.jpg\" class=\"attachment-large size-large wp-image-1122\" alt=\"\" srcset=\"https:\/\/asb-travel-solutions.com\/de\/wp-content\/uploads\/2025\/04\/morocco-1024x758.jpg 1024w, https:\/\/asb-travel-solutions.com\/de\/wp-content\/uploads\/2025\/04\/morocco-300x222.jpg 300w, https:\/\/asb-travel-solutions.com\/de\/wp-content\/uploads\/2025\/04\/morocco-768x568.jpg 768w, https:\/\/asb-travel-solutions.com\/de\/wp-content\/uploads\/2025\/04\/morocco-1536x1137.jpg 1536w, https:\/\/asb-travel-solutions.com\/de\/wp-content\/uploads\/2025\/04\/morocco-2048x1516.jpg 2048w\" sizes=\"(max-width: 800px) 100vw, 800px\" \/>\t\t\t\t\t\t\t\t\t\t\t\t\t\t\t<\/div>\n\t\t\t\t<\/div>\n\t\t\t\t<\/div>\n\t\t\t\t<\/div>\n\t\t\t\t\t<\/div>\n\t\t\t\t<\/div>\n\t\t\t\t<\/div>\n\t\t\t\t<\/div>\n\t\t<\/div>\n\t\t\t\t\t<div class=\"elementor-swiper-button elementor-swiper-button-prev\" role=\"button\" tabindex=\"0\" aria-label=\"Previous\">\n\t\t\t\t<svg aria-hidden=\"true\" class=\"e-font-icon-svg e-eicon-chevron-left\" viewBox=\"0 0 1000 1000\" xmlns=\"http:\/\/www.w3.org\/2000\/svg\"><path d=\"M646 125C629 125 613 133 604 142L308 442C296 454 292 471 292 487 292 504 296 521 308 533L604 854C617 867 629 875 646 875 663 875 679 871 692 858 704 846 713 829 713 812 713 796 708 779 692 767L438 487 692 225C700 217 708 204 708 187 708 171 704 154 692 142 675 129 663 125 646 125Z\"><\/path><\/svg>\t\t\t<\/div>\n\t\t\t<div class=\"elementor-swiper-button elementor-swiper-button-next\" role=\"button\" tabindex=\"0\" aria-label=\"Next\">\n\t\t\t\t<svg aria-hidden=\"true\" class=\"e-font-icon-svg e-eicon-chevron-right\" viewBox=\"0 0 1000 1000\" xmlns=\"http:\/\/www.w3.org\/2000\/svg\"><path d=\"M696 533C708 521 713 504 713 487 713 471 708 454 696 446L400 146C388 133 375 125 354 125 338 125 325 129 313 142 300 154 292 171 292 187 292 204 296 221 308 233L563 492 304 771C292 783 288 800 288 817 288 833 296 850 308 863 321 871 338 875 354 875 371 875 388 867 400 854L696 533Z\"><\/path><\/svg>\t\t\t<\/div>\n\t\t\t\t\t\t<\/div>\n\t\t\t\t<\/div>\n\t\t\t\t<\/div>\n\t\t<div class=\"elementor-element elementor-element-49b4291 e-con-full e-flex e-con e-child\" data-id=\"49b4291\" data-element_type=\"container\" data-settings=\"{&quot;background_background&quot;:&quot;classic&quot;}\">\n\t\t<div class=\"elementor-element elementor-element-d2cc528 e-con-full e-flex e-con e-child\" data-id=\"d2cc528\" data-element_type=\"container\">\n\t\t<div class=\"elementor-element elementor-element-ffa9abd e-con-full e-flex e-con e-child\" data-id=\"ffa9abd\" data-element_type=\"container\">\n\t\t\t\t<div class=\"elementor-element elementor-element-ed2930c elementor-widget elementor-widget-heading\" data-id=\"ed2930c\" data-element_type=\"widget\" data-widget_type=\"heading.default\">\n\t\t\t\t<div class=\"elementor-widget-container\">\n\t\t\t\t\t<h2 class=\"elementor-heading-title elementor-size-default\">Video<\/h2>\t\t\t\t<\/div>\n\t\t\t\t<\/div>\n\t\t\t\t<\/div>\n\t\t\t\t<div class=\"elementor-element elementor-element-e821010 elementor-widget-divider--view-line elementor-widget elementor-widget-divider\" data-id=\"e821010\" data-element_type=\"widget\" data-widget_type=\"divider.default\">\n\t\t\t\t<div class=\"elementor-widget-container\">\n\t\t\t\t\t\t\t<div class=\"elementor-divider\">\n\t\t\t<span class=\"elementor-divider-separator\">\n\t\t\t\t\t\t<\/span>\n\t\t<\/div>\n\t\t\t\t\t\t<\/div>\n\t\t\t\t<\/div>\n\t\t<div class=\"elementor-element elementor-element-580217f e-con-full e-flex e-con e-child\" data-id=\"580217f\" data-element_type=\"container\">\n\t\t\t\t<div class=\"elementor-element elementor-element-ef5e322 elementor-widget elementor-widget-video\" data-id=\"ef5e322\" data-element_type=\"widget\" data-settings=\"{&quot;youtube_url&quot;:&quot;https:\\\/\\\/www.youtube.com\\\/watch?v=QipIufCH3rw&quot;,&quot;autoplay&quot;:&quot;yes&quot;,&quot;video_type&quot;:&quot;youtube&quot;,&quot;controls&quot;:&quot;yes&quot;}\" data-widget_type=\"video.default\">\n\t\t\t\t<div class=\"elementor-widget-container\">\n\t\t\t\t\t\t\t<div class=\"elementor-wrapper elementor-open-inline\">\n\t\t\t<div class=\"elementor-video\"><\/div>\t\t<\/div>\n\t\t\t\t\t\t<\/div>\n\t\t\t\t<\/div>\n\t\t\t\t<\/div>\n\t\t\t\t<\/div>\n\t\t\t\t<\/div>\n\t\t<div class=\"elementor-element elementor-element-0f83c19 e-con-full e-flex e-con e-child\" data-id=\"0f83c19\" data-element_type=\"container\" data-settings=\"{&quot;background_background&quot;:&quot;classic&quot;}\">\n\t\t\t\t<div class=\"elementor-element elementor-element-8d5093e elementor-widget elementor-widget-spacer\" data-id=\"8d5093e\" data-element_type=\"widget\" data-widget_type=\"spacer.default\">\n\t\t\t\t<div class=\"elementor-widget-container\">\n\t\t\t\t\t\t\t<div class=\"elementor-spacer\">\n\t\t\t<div class=\"elementor-spacer-inner\"><\/div>\n\t\t<\/div>\n\t\t\t\t\t\t<\/div>\n\t\t\t\t<\/div>\n\t\t<div class=\"elementor-element elementor-element-5882a7d e-con-full e-flex e-con e-child\" data-id=\"5882a7d\" data-element_type=\"container\">\n\t\t<div class=\"elementor-element elementor-element-bff52dd e-con-full e-flex e-con e-child\" data-id=\"bff52dd\" data-element_type=\"container\">\n\t\t<div class=\"elementor-element elementor-element-fba532f e-con-full e-flex e-con e-child\" data-id=\"fba532f\" data-element_type=\"container\">\n\t\t\t\t<div class=\"elementor-element elementor-element-670fcc4 elementor-widget elementor-widget-heading\" data-id=\"670fcc4\" data-element_type=\"widget\" data-widget_type=\"heading.default\">\n\t\t\t\t<div class=\"elementor-widget-container\">\n\t\t\t\t\t<h2 class=\"elementor-heading-title elementor-size-default\">Related services<\/h2>\t\t\t\t<\/div>\n\t\t\t\t<\/div>\n\t\t\t\t<\/div>\n\t\t\t\t<div class=\"elementor-element elementor-element-f40a12b elementor-widget-divider--view-line elementor-widget elementor-widget-divider\" data-id=\"f40a12b\" data-element_type=\"widget\" data-widget_type=\"divider.default\">\n\t\t\t\t<div class=\"elementor-widget-container\">\n\t\t\t\t\t\t\t<div class=\"elementor-divider\">\n\t\t\t<span class=\"elementor-divider-separator\">\n\t\t\t\t\t\t<\/span>\n\t\t<\/div>\n\t\t\t\t\t\t<\/div>\n\t\t\t\t<\/div>\n\t\t<div class=\"elementor-element elementor-element-c76adaa e-con-full e-flex e-con e-child\" data-id=\"c76adaa\" data-element_type=\"container\">\n\t\t\t\t<div class=\"elementor-element elementor-element-cede9ab elementor-widget elementor-widget-template\" data-id=\"cede9ab\" data-element_type=\"widget\" data-widget_type=\"template.default\">\n\t\t\t\t<div class=\"elementor-widget-container\">\n\t\t\t\t\t\t\t<div class=\"elementor-template\">\n\t\t\t\t\t<div data-elementor-type=\"section\" data-elementor-id=\"804\" class=\"elementor elementor-804\" data-elementor-post-type=\"elementor_library\">\n\t\t\t<div class=\"elementor-element elementor-element-23a4cfd e-flex e-con-boxed e-con e-parent\" data-id=\"23a4cfd\" data-element_type=\"container\">\n\t\t\t\t\t<div class=\"e-con-inner\">\n\t\t<a class=\"elementor-element elementor-element-8d90521 e-con-full e-flex e-con e-child\" data-id=\"8d90521\" data-element_type=\"container\" data-settings=\"{&quot;background_background&quot;:&quot;classic&quot;}\" href=\"https:\/\/asb-travel-solutions.com\/de\/gruppen\/\">\n\t\t<div class=\"elementor-element elementor-element-877f04e e-con-full e-flex e-con e-child\" data-id=\"877f04e\" data-element_type=\"container\">\n\t\t\t\t<div class=\"elementor-element elementor-element-445d7e6 elementor-widget elementor-widget-heading\" data-id=\"445d7e6\" data-element_type=\"widget\" data-widget_type=\"heading.default\">\n\t\t\t\t<div class=\"elementor-widget-container\">\n\t\t\t\t\t<h2 class=\"elementor-heading-title elementor-size-default\">GRUPPEN<\/h2>\t\t\t\t<\/div>\n\t\t\t\t<\/div>\n\t\t\t\t<\/div>\n\t\t\t\t<\/a>\n\t\t<a class=\"elementor-element elementor-element-f09f9a6 e-con-full e-flex e-con e-child\" data-id=\"f09f9a6\" data-element_type=\"container\" data-settings=\"{&quot;background_background&quot;:&quot;classic&quot;}\" href=\"https:\/\/asb-travel-solutions.com\/de\/fit\/\">\n\t\t<div class=\"elementor-element elementor-element-9edab5e e-con-full e-flex e-con e-child\" data-id=\"9edab5e\" data-element_type=\"container\">\n\t\t\t\t<div class=\"elementor-element elementor-element-383bfc7 elementor-widget elementor-widget-heading\" data-id=\"383bfc7\" data-element_type=\"widget\" data-widget_type=\"heading.default\">\n\t\t\t\t<div class=\"elementor-widget-container\">\n\t\t\t\t\t<h2 class=\"elementor-heading-title elementor-size-default\">FIT<\/h2>\t\t\t\t<\/div>\n\t\t\t\t<\/div>\n\t\t\t\t<\/div>\n\t\t\t\t<\/a>\n\t\t<a class=\"elementor-element elementor-element-a66d861 e-con-full e-flex e-con e-child\" data-id=\"a66d861\" data-element_type=\"container\" data-settings=\"{&quot;background_background&quot;:&quot;classic&quot;}\" href=\"https:\/\/asb-travel-solutions.com\/de\/incentives\/\">\n\t\t<div class=\"elementor-element elementor-element-bfabb23 e-con-full e-flex e-con e-child\" data-id=\"bfabb23\" data-element_type=\"container\">\n\t\t\t\t<div class=\"elementor-element elementor-element-0c04208 elementor-widget elementor-widget-heading\" data-id=\"0c04208\" data-element_type=\"widget\" data-widget_type=\"heading.default\">\n\t\t\t\t<div class=\"elementor-widget-container\">\n\t\t\t\t\t<h2 class=\"elementor-heading-title elementor-size-default\">Incentives<\/h2>\t\t\t\t<\/div>\n\t\t\t\t<\/div>\n\t\t\t\t<\/div>\n\t\t\t\t<\/a>\n\t\t<a class=\"elementor-element elementor-element-5cf3d51 e-con-full e-flex e-con e-child\" data-id=\"5cf3d51\" data-element_type=\"container\" data-settings=\"{&quot;background_background&quot;:&quot;classic&quot;}\" href=\"https:\/\/asb-travel-solutions.com\/de\/sport\/\">\n\t\t<div class=\"elementor-element elementor-element-5873579 e-con-full e-flex e-con e-child\" data-id=\"5873579\" data-element_type=\"container\">\n\t\t\t\t<div class=\"elementor-element elementor-element-81c6948 elementor-widget elementor-widget-heading\" data-id=\"81c6948\" data-element_type=\"widget\" data-widget_type=\"heading.default\">\n\t\t\t\t<div class=\"elementor-widget-container\">\n\t\t\t\t\t<h2 class=\"elementor-heading-title elementor-size-default\">\nSPORT<\/h2>\t\t\t\t<\/div>\n\t\t\t\t<\/div>\n\t\t\t\t<\/div>\n\t\t\t\t<\/a>\n\t\t\t\t\t<\/div>\n\t\t\t\t<\/div>\n\t\t\t\t<\/div>\n\t\t\t\t<\/div>\n\t\t\t\t\t\t<\/div>\n\t\t\t\t<\/div>\n\t\t\t\t<\/div>\n\t\t\t\t<\/div>\n\t\t\t\t<\/div>\n\t\t\t\t<\/div>\n\t\t<div class=\"elementor-element elementor-element-edd0623 e-con-full e-flex e-con e-child\" data-id=\"edd0623\" data-element_type=\"container\" data-settings=\"{&quot;background_background&quot;:&quot;classic&quot;}\">\n\t\t\t\t<div class=\"elementor-element elementor-element-b541ce6 elementor-widget elementor-widget-spacer\" data-id=\"b541ce6\" data-element_type=\"widget\" data-widget_type=\"spacer.default\">\n\t\t\t\t<div class=\"elementor-widget-container\">\n\t\t\t\t\t\t\t<div class=\"elementor-spacer\">\n\t\t\t<div class=\"elementor-spacer-inner\"><\/div>\n\t\t<\/div>\n\t\t\t\t\t\t<\/div>\n\t\t\t\t<\/div>\n\t\t\t\t<\/div>\n\t\t\t\t<\/div>\n\t\t\t\t<\/div>\n\t\t\t\t<\/div>\n\t\t","protected":false},"excerpt":{"rendered":"<p>Marokko Sind Sie ein Reiseveranstalter und an diesem Reiseziel interessiert? Get in Touch Video Related services<\/p>\n","protected":false},"author":2,"featured_media":0,"parent":0,"menu_order":0,"comment_status":"closed","ping_status":"closed","template":"","meta":{"_acf_changed":false,"footnotes":""},"class_list":["post-1107","page","type-page","status-publish","hentry"],"acf":[],"_links":{"self":[{"href":"https:\/\/asb-travel-solutions.com\/de\/wp-json\/wp\/v2\/pages\/1107","targetHints":{"allow":["GET"]}}],"collection":[{"href":"https:\/\/asb-travel-solutions.com\/de\/wp-json\/wp\/v2\/pages"}],"about":[{"href":"https:\/\/asb-travel-solutions.com\/de\/wp-json\/wp\/v2\/types\/page"}],"author":[{"embeddable":true,"href":"https:\/\/asb-travel-solutions.com\/de\/wp-json\/wp\/v2\/users\/2"}],"replies":[{"embeddable":true,"href":"https:\/\/asb-travel-solutions.com\/de\/wp-json\/wp\/v2\/comments?post=1107"}],"version-history":[{"count":22,"href":"https:\/\/asb-travel-solutions.com\/de\/wp-json\/wp\/v2\/pages\/1107\/revisions"}],"predecessor-version":[{"id":1510,"href":"https:\/\/asb-travel-solutions.com\/de\/wp-json\/wp\/v2\/pages\/1107\/revisions\/1510"}],"wp:attachment":[{"href":"https:\/\/asb-travel-solutions.com\/de\/wp-json\/wp\/v2\/media?parent=1107"}],"curies":[{"name":"wp","href":"https:\/\/api.w.org\/{rel}","templated":true}]}}